
{"id":11964,"date":"2021-10-01T11:02:18","date_gmt":"2021-10-01T08:02:18","guid":{"rendered":"https:\/\/www.nicoletta.com.tr\/en\/?page_id=11964"},"modified":"2023-11-27T12:58:26","modified_gmt":"2023-11-27T09:58:26","slug":"our-products-girl-underwear","status":"publish","type":"page","link":"https:\/\/www.nicoletta.com.tr\/en\/our-products-girl-underwear\/","title":{"rendered":"KIZ \u00c7OCUK \u0130\u00c7 G\u0130Y\u0130M \u00dcR\u00dcNLER\u0130"},"content":{"rendered":"<div data-vc-full-width=\"true\" data-vc-full-width-init=\"false\" data-vc-stretch-content=\"true\" class=\"vc_row wpb_row vc_row-fluid vc_custom_1633528253080 vc_row-has-fill vc_row-no-padding\"><div class=\"wpb_column vc_column_container vc_col-sm-3\"><div class=\"vc_column-inner\"><div class=\"wpb_wrapper\"><\/div><\/div><\/div><div class=\"wpb_column vc_column_container vc_col-sm-6\"><div class=\"vc_column-inner\"><div class=\"wpb_wrapper\"><h2 style=\"color: #ffffff;text-align: center;font-family:Abril Fatface;font-weight:400;font-style:normal\" class=\"vc_custom_heading\" >GIRLS' UNDERWEAR PRODUCTS<\/h2><div class=\"vc_empty_space\"   style=\"height: 32px\"><span class=\"vc_empty_space_inner\"><\/span><\/div><\/div><\/div><\/div><div class=\"wpb_column vc_column_container vc_col-sm-3\"><div class=\"vc_column-inner\"><div class=\"wpb_wrapper\"><\/div><\/div><\/div><\/div><div class=\"vc_row-full-width vc_clearfix\"><\/div><div class=\"vc_row wpb_row vc_row-fluid\"><div class=\"wpb_column vc_column_container vc_col-sm-12\"><div class=\"vc_column-inner\"><div class=\"wpb_wrapper\">\n\t<div class=\"wpb_text_column wpb_content_element \" >\n\t\t<div class=\"wpb_wrapper\">\n\t\t\t\n\t\t<\/div>\n\t<\/div>\n<\/div><\/div><\/div><\/div><div data-vc-full-width=\"true\" data-vc-full-width-init=\"false\" data-vc-stretch-content=\"true\" class=\"vc_row wpb_row vc_row-fluid vc_row-no-padding\"><div class=\"wpb_column vc_column_container vc_col-sm-12\"><div class=\"vc_column-inner\"><div class=\"wpb_wrapper\"><div class=\"vc_tta-container\" data-vc-action=\"collapse\"><div class=\"vc_general vc_tta vc_tta-tabs vc_tta-color-pink vc_tta-style-classic vc_tta-shape-square vc_tta-spacing-1 vc_tta-tabs-position-left vc_tta-controls-align-left \"><div class=\"vc_tta-tabs-container\"><ul class=\"vc_tta-tabs-list\"><li class=\"vc_tta-tab vc_active\" data-vc-tab><a href=\"#kulot_k\u0131z_cocuk\" data-vc-tabs data-vc-container=\".vc_tta\"><i class=\"vc_tta-icon fas fa-caret-right\"><\/i><span class=\"vc_tta-title-text\">Panties<\/span><\/a><\/li><li class=\"vc_tta-tab\" data-vc-tab><a href=\"#sort_kiz_cocuk\" data-vc-tabs data-vc-container=\".vc_tta\"><i class=\"vc_tta-icon fas fa-caret-right\"><\/i><span class=\"vc_tta-title-text\">Shorts<\/span><\/a><\/li><li class=\"vc_tta-tab\" data-vc-tab><a href=\"#atlet_kiz_cocuk\" data-vc-tabs data-vc-container=\".vc_tta\"><i class=\"vc_tta-icon fas fa-caret-right\"><\/i><span class=\"vc_tta-title-text\">Athlete<\/span><\/a><\/li><\/ul><\/div><div class=\"vc_tta-panels-container\"><div class=\"vc_tta-panels\"><div class=\"vc_tta-panel vc_active\" id=\"kulot_k\u0131z_cocuk\" data-vc-content=\".vc_tta-panel-body\"><div class=\"vc_tta-panel-heading\"><h4 class=\"vc_tta-panel-title\"><a href=\"#kulot_k\u0131z_cocuk\" data-vc-accordion data-vc-container=\".vc_tta-container\"><i class=\"vc_tta-icon fas fa-caret-right\"><\/i><span class=\"vc_tta-title-text\">Panties<\/span><\/a><\/h4><\/div><div class=\"vc_tta-panel-body\">\n\t<div class=\"wpb_raw_code wpb_content_element wpb_raw_html\" >\n\t\t<div class=\"wpb_wrapper\">\n\t\t\t<style>\n@media screen and (min-width: 769px){\n.kayan-alan{-webkit-transition: 300ms;transition: 300ms; margin-top:45px; margin-bottom:15px;}\n.kayan-alan img {width: 300px;height: 450px;margin:5px 5px 5px 0px;-webkit-transition: 300ms;transition: 300ms}\n.kayan-alan img:hover{width: 300px;height: 450px;margin-top:-25px;-webkit-transition: 300ms;transition: 300ms}\n.kayan-alan ul {height:480px; padding: 0;margin: 0;width: 100%;;margin:0 auto;-webkit-transition: 300ms;transition: 300ms}\n}\n@media screen and (max-width: 768px){\n\t  .kayan-alan {-ms-overflow-style: none;-ms-overflow-style: -ms-autohiding-scrollbar;overflow: -moz-scrollbars-none;\n\t  -webkit-overflow-scrolling: touch;white-space: nowrap;\n\t  overflow-y: hidden;\n\t  overflow-x: scroll;}\n\t  .kayan-alan ::-webkit-scrollbar,\n\t  .kayan-alan ::-webkit-scrollbar-button {width: 0px;background: transparent;}\n\t  .kayan-alan img {width: 100%;height: 100%;}\n\t  .kayan-alan ul {padding: 0;margin: 0;width: 100%;}\n\t  .kayan-alan ul {white-space: nowrap;overflow-x: auto;}\n\t  .kayan-alan ul > li:not(:first-of-type) {margin-left: -15px;}\n\t  .kayan-alan img {width: 300px;height: 450px;margin:5px 5px 5px 0px;}\n}\n<\/style>\n<div class=\"kayan-alan\"><center>\n<img decoding=\"async\" class=\"alignnone\" src=\"\/ru\/wp-content\/uploads\/urunler\/kiz_cocuk\/ic_giyim\/kulot\/140463.jpg\" alt=\"\" width=\"100%\" height=\"100%\" \/>\n<img decoding=\"async\" class=\"alignnone\" src=\"\/ru\/wp-content\/uploads\/urunler\/kiz_cocuk\/ic_giyim\/kulot\/142423.jpg\" alt=\"\" width=\"100%\" height=\"100%\" \/>\n<img decoding=\"async\" class=\"alignnone\" src=\"\/ru\/wp-content\/uploads\/urunler\/kiz_cocuk\/ic_giyim\/kulot\/140421.jpg\" alt=\"\" width=\"100%\" height=\"100%\" \/>\n<img decoding=\"async\" class=\"alignnone\" src=\"\/ru\/wp-content\/uploads\/urunler\/kiz_cocuk\/ic_giyim\/kulot\/40062.jpg\" alt=\"\" width=\"100%\" height=\"100%\" \/>\n\n\n\n\n\n<a href=\"https:\/\/www.nicoletta.com.tr\/en\/apply-form\/\" target=\"_blank\"><img decoding=\"async\" class=\"alignnone\" src=\"\/basvururu.gif\" alt=\"\" width=\"100%\" height=\"100%\" \/><\/a>\n\n<\/center><\/div>\n\t\t<\/div>\n\t<\/div>\n<\/div><\/div><div class=\"vc_tta-panel\" id=\"sort_kiz_cocuk\" data-vc-content=\".vc_tta-panel-body\"><div class=\"vc_tta-panel-heading\"><h4 class=\"vc_tta-panel-title\"><a href=\"#sort_kiz_cocuk\" data-vc-accordion data-vc-container=\".vc_tta-container\"><i class=\"vc_tta-icon fas fa-caret-right\"><\/i><span class=\"vc_tta-title-text\">Shorts<\/span><\/a><\/h4><\/div><div class=\"vc_tta-panel-body\">\n\t<div class=\"wpb_raw_code wpb_content_element wpb_raw_html\" >\n\t\t<div class=\"wpb_wrapper\">\n\t\t\t<style>\n@media screen and (min-width: 769px){\n.kayan-alan{-webkit-transition: 300ms;transition: 300ms; margin-top:45px; margin-bottom:15px;}\n.kayan-alan img {width: 300px;height: 450px;margin:5px 5px 5px 0px;-webkit-transition: 300ms;transition: 300ms}\n.kayan-alan img:hover{width: 300px;height: 450px;margin-top:-25px;-webkit-transition: 300ms;transition: 300ms}\n.kayan-alan ul {height:480px; padding: 0;margin: 0;width: 100%;;margin:0 auto;-webkit-transition: 300ms;transition: 300ms}\n}\n@media screen and (max-width: 768px){\n\t  .kayan-alan {-ms-overflow-style: none;-ms-overflow-style: -ms-autohiding-scrollbar;overflow: -moz-scrollbars-none;\n\t  -webkit-overflow-scrolling: touch;white-space: nowrap;\n\t  overflow-y: hidden;\n\t  overflow-x: scroll;}\n\t  .kayan-alan ::-webkit-scrollbar,\n\t  .kayan-alan ::-webkit-scrollbar-button {width: 0px;background: transparent;}\n\t  .kayan-alan img {width: 100%;height: 100%;}\n\t  .kayan-alan ul {padding: 0;margin: 0;width: 100%;}\n\t  .kayan-alan ul {white-space: nowrap;overflow-x: auto;}\n\t  .kayan-alan ul > li:not(:first-of-type) {margin-left: -15px;}\n\t  .kayan-alan img {width: 300px;height: 450px;margin:5px 5px 5px 0px;}\n}\n<\/style>\n<div class=\"kayan-alan\"><center>\n\n<img decoding=\"async\" class=\"alignnone\" src=\"\/ru\/wp-content\/uploads\/urunler\/kiz_cocuk\/ic_giyim\/sort\/75957.jpg\" alt=\"\" width=\"100%\" height=\"100%\" \/>\n<img decoding=\"async\" class=\"alignnone\" src=\"\/ru\/wp-content\/uploads\/urunler\/kiz_cocuk\/ic_giyim\/sort\/79323.jpg\" alt=\"\" width=\"100%\" height=\"100%\" \/>\n<img decoding=\"async\" class=\"alignnone\" src=\"\/ru\/wp-content\/uploads\/urunler\/kiz_cocuk\/ic_giyim\/sort\/179221.jpg\" alt=\"\" width=\"100%\" height=\"100%\" \/>\n<img decoding=\"async\" class=\"alignnone\" src=\"\/ru\/wp-content\/uploads\/urunler\/kiz_cocuk\/ic_giyim\/sort\/179366.jpg\" alt=\"\" width=\"100%\" height=\"100%\" \/>\n<img decoding=\"async\" class=\"alignnone\" src=\"\/ru\/wp-content\/uploads\/urunler\/kiz_cocuk\/ic_giyim\/sort\/140465.jpg\" alt=\"\" width=\"100%\" height=\"100%\" \/>\n\n<a href=\"https:\/\/www.nicoletta.com.tr\/en\/apply-form\/\" target=\"_blank\"><img decoding=\"async\" class=\"alignnone\" src=\"\/basvururu.gif\" alt=\"\" width=\"100%\" height=\"100%\" \/><\/a>\n\n<\/center><\/div>\n\t\t<\/div>\n\t<\/div>\n<\/div><\/div><div class=\"vc_tta-panel\" id=\"atlet_kiz_cocuk\" data-vc-content=\".vc_tta-panel-body\"><div class=\"vc_tta-panel-heading\"><h4 class=\"vc_tta-panel-title\"><a href=\"#atlet_kiz_cocuk\" data-vc-accordion data-vc-container=\".vc_tta-container\"><i class=\"vc_tta-icon fas fa-caret-right\"><\/i><span class=\"vc_tta-title-text\">Athlete<\/span><\/a><\/h4><\/div><div class=\"vc_tta-panel-body\">\n\t<div class=\"wpb_raw_code wpb_content_element wpb_raw_html\" >\n\t\t<div class=\"wpb_wrapper\">\n\t\t\t <style>\n  hr.nicoletta{\n     margin: 20px;\n  }\n<\/style>\n\n<div class=\"row\">\n    <div class=\"col-lg-12\">\n      <div class=\"card mt-3 tab-card\">\n        <div class=\"card-header tab-card-header\">\n          <ul class=\"nav nav-tabs card-header-tabs\" id=\"myTab2\" role=\"tablist\">\n            <li class=\"nav-item\">\n                <a class=\"nav-link\" id=\"one1-tab\" data-toggle=\"tab\" href=\"#one1\" role=\"tab\" aria-controls=\"One\" aria-selected=\"true\">\u0130p Ask\u0131l\u0131 \u00dcr\u00fcnler<\/a>\n            <\/li>\n            <li class=\"nav-item\">\n                <a class=\"nav-link\" id=\"two2-tab\" data-toggle=\"tab\" href=\"#two2\" role=\"tab\" aria-controls=\"Two\" aria-selected=\"false\">Geni\u015f Ask\u0131l\u0131 \u00dcr\u00fcnler<\/a>\n            <\/li>\n            <li class=\"nav-item\">\n                <a class=\"nav-link\" id=\"three3-tab\" data-toggle=\"tab\" href=\"#three3\" role=\"tab\" aria-controls=\"Three\" aria-selected=\"false\">B\u00fcstiyer<\/a>\n            <\/li>\n\n          <\/ul>\n        <\/div>\n<!--1. tab ba\u015f\u0131-->\n        <div class=\"tab-content\" id=\"myTab2Content\">\n          <div class=\"tab-pane fade show active p-3\" id=\"one1\" role=\"tabpanel\" aria-labelledby=\"one1-tab\">\n            <h5 class=\"card-title\">\u0130p Ask\u0131l\u0131 \u00dcr\u00fcnler<\/h5>\n            <hr class=\"nicoletta\"\/>\n\n\n\n<div class=\"kayan-alan\"><center>\n<img decoding=\"async\" class=\"alignnone\" src=\"\/wp-content\/uploads\/urunler\/kiz_cocuk\/ic_giyim\/atlet\/ip_askili\/178381.jpg\" alt=\"\" width=\"100%\" height=\"100%\" \/>\n<img decoding=\"async\" class=\"alignnone\" src=\"\/wp-content\/uploads\/urunler\/kiz_cocuk\/ic_giyim\/atlet\/ip_askili\/178383.jpg\" alt=\"\" width=\"100%\" height=\"100%\" \/>\n\n<img decoding=\"async\" class=\"alignnone\" src=\"\/wp-content\/uploads\/urunler\/kiz_cocuk\/ic_giyim\/atlet\/ip_askili\/178365.jpg\" alt=\"\" width=\"100%\" height=\"100%\" \/>\n<img decoding=\"async\" class=\"alignnone\" src=\"\/wp-content\/uploads\/urunler\/kiz_cocuk\/ic_giyim\/atlet\/ip_askili\/178403.jpg\" alt=\"\" width=\"100%\" height=\"100%\" \/>\n<img decoding=\"async\" class=\"alignnone\" src=\"\/wp-content\/uploads\/urunler\/kiz_cocuk\/ic_giyim\/atlet\/ip_askili\/178368.jpg\" alt=\"\" width=\"100%\" height=\"100%\" \/>\n\n<a href=\"https:\/\/www.nicoletta.com.tr\/en\/apply-form\/\" target=\"_blank\"><img decoding=\"async\" class=\"alignnone\" src=\"\/basvururu.gif\" alt=\"\" width=\"100%\" height=\"100%\" \/><\/a>\n\n\n<\/center><\/div>    \n          <\/div>\n<!-- 1. tab sonu-->\n<!--2. tab ba\u015f\u0131-->\n          <div class=\"tab-pane fade p-3\" id=\"two2\" role=\"tabpanel\" aria-labelledby=\"two2-tab\">\n            <h5 class=\"card-title\">Geni\u015f Ask\u0131l\u0131 \u00dcr\u00fcnler<\/h5>\n          <div class=\"kayan-alan\"><center>\n<img decoding=\"async\" class=\"alignnone\" src=\"\/wp-content\/uploads\/urunler\/kiz_cocuk\/ic_giyim\/atlet\/genis_askili\/k.jpg\" alt=\"\" width=\"100%\" height=\"100%\" \/>\n<img decoding=\"async\" class=\"alignnone\" src=\"\/wp-content\/uploads\/urunler\/kiz_cocuk\/ic_giyim\/atlet\/genis_askili\/173376.jpg\" alt=\"\" width=\"100%\" height=\"100%\" \/>\n\n\n<img decoding=\"async\" class=\"alignnone\" src=\"\/wp-content\/uploads\/urunler\/kiz_cocuk\/ic_giyim\/atlet\/genis_askili\/173388.jpg\" alt=\"\" width=\"100%\" height=\"100%\" \/>\n<img decoding=\"async\" class=\"alignnone\" src=\"\/wp-content\/uploads\/urunler\/kiz_cocuk\/ic_giyim\/atlet\/genis_askili\/173348.jpg\" alt=\"\" width=\"100%\" height=\"100%\" \/>\n<img decoding=\"async\" class=\"alignnone\" src=\"\/wp-content\/uploads\/urunler\/kiz_cocuk\/ic_giyim\/atlet\/genis_askili\/173173.jpg\" alt=\"\" width=\"100%\" height=\"100%\" \/>\n<img decoding=\"async\" class=\"alignnone\" src=\"\/wp-content\/uploads\/urunler\/kiz_cocuk\/ic_giyim\/atlet\/genis_askili\/173547.jpg\" alt=\"\" width=\"100%\" height=\"100%\" \/>\n\n\n\n\n\n<a href=\"https:\/\/www.nicoletta.com.tr\/en\/apply-form\/\" target=\"_blank\"><img decoding=\"async\" class=\"alignnone\" src=\"\/basvururu.gif\" alt=\"\" width=\"100%\" height=\"100%\" \/><\/a>\n\n\n<\/center><\/div>        \n          <\/div>\n\n<!-- 2. tab sonu-->\n<!-- 3. tab ba\u015f\u0131-->\n          <div class=\"tab-pane fade p-3\" id=\"three3\" role=\"tabpanel\" aria-labelledby=\"three3-tab\">\n            <h5 class=\"card-title\">B\u00fcstiyer \u00dcr\u00fcnleri<\/h5>\n\n\n\n\n        <div class=\"kayan-alan\"><center>\n\n<img decoding=\"async\" class=\"alignnone\" src=\"\/wp-content\/uploads\/urunler\/kiz_cocuk\/ic_giyim\/bustiyer\/73904.jpg\" alt=\"\" width=\"100%\" height=\"100%\" \/>\n\n<img decoding=\"async\" class=\"alignnone\" src=\"\/wp-content\/uploads\/urunler\/kiz_cocuk\/ic_giyim\/bustiyer\/73900-1.jpg\" alt=\"\" width=\"100%\" height=\"100%\" \/>\n\n<img decoding=\"async\" class=\"alignnone\" src=\"\/wp-content\/uploads\/urunler\/kiz_cocuk\/ic_giyim\/bustiyer\/73906.jpg\" alt=\"\" width=\"100%\" height=\"100%\" \/>\n<img decoding=\"async\" class=\"alignnone\" src=\"\/wp-content\/uploads\/urunler\/kiz_cocuk\/ic_giyim\/bustiyer\/73901.jpg\" alt=\"\" width=\"100%\" height=\"100%\" \/>\n\n\n\n<a href=\"https:\/\/www.nicoletta.com.tr\/en\/apply-form\/\" target=\"_blank\"><img decoding=\"async\" class=\"alignnone\" src=\"\/basvururu.gif\" alt=\"\" width=\"100%\" height=\"100%\" \/><\/a>\n\n\n<\/center><\/div>\n\n          <\/div>\n<!--3. tab sonu-->\n\n\n\n\n\n\n\n\n\n\n        <\/div>\n      <\/div>\n    <\/div>\n  <\/div>\n\t\t<\/div>\n\t<\/div>\n<\/div><\/div><\/div><\/div><\/div><\/div><\/div><\/div><\/div><\/div><div class=\"vc_row-full-width vc_clearfix\"><\/div>\n","protected":false},"excerpt":{"rendered":"GIRLS' UNDERWEAR PRODUCTS PantiesShortsAthletePanties Shorts Athlete \u0130p Ask\u0131l\u0131 \u00dcr\u00fcnler Geni\u015f Ask\u0131l\u0131 \u00dcr\u00fcnler B\u00fcstiyer \u0130p Ask\u0131l\u0131 \u00dcr\u00fcnler Geni\u015f Ask\u0131l\u0131 \u00dcr\u00fcnler B\u00fcstiyer \u00dcr\u00fcnleri","protected":false},"author":6,"featured_media":0,"parent":0,"menu_order":0,"comment_status":"closed","ping_status":"closed","template":"","meta":{"footnotes":""},"aioseo_notices":[],"_links":{"self":[{"href":"https:\/\/www.nicoletta.com.tr\/en\/wp-json\/wp\/v2\/pages\/11964"}],"collection":[{"href":"https:\/\/www.nicoletta.com.tr\/en\/wp-json\/wp\/v2\/pages"}],"about":[{"href":"https:\/\/www.nicoletta.com.tr\/en\/wp-json\/wp\/v2\/types\/page"}],"author":[{"embeddable":true,"href":"https:\/\/www.nicoletta.com.tr\/en\/wp-json\/wp\/v2\/users\/6"}],"replies":[{"embeddable":true,"href":"https:\/\/www.nicoletta.com.tr\/en\/wp-json\/wp\/v2\/comments?post=11964"}],"version-history":[{"count":10,"href":"https:\/\/www.nicoletta.com.tr\/en\/wp-json\/wp\/v2\/pages\/11964\/revisions"}],"predecessor-version":[{"id":13554,"href":"https:\/\/www.nicoletta.com.tr\/en\/wp-json\/wp\/v2\/pages\/11964\/revisions\/13554"}],"wp:attachment":[{"href":"https:\/\/www.nicoletta.com.tr\/en\/wp-json\/wp\/v2\/media?parent=11964"}],"curies":[{"name":"wp","href":"https:\/\/api.w.org\/{rel}","templated":true}]}}