
{"id":11000,"date":"2021-07-30T18:19:08","date_gmt":"2021-07-30T15:19:08","guid":{"rendered":"https:\/\/www.nicoletta.com.tr\/en\/?page_id=11000"},"modified":"2023-11-27T13:09:41","modified_gmt":"2023-11-27T10:09:41","slug":"our-products-man-sleepwear","status":"publish","type":"page","link":"https:\/\/www.nicoletta.com.tr\/en\/our-products-man-sleepwear\/","title":{"rendered":"ERKEK P\u0130JAMA \u00dcR\u00dcNLER\u0130"},"content":{"rendered":"<div data-vc-full-width=\"true\" data-vc-full-width-init=\"false\" data-vc-stretch-content=\"true\" class=\"vc_row wpb_row vc_row-fluid vc_custom_1633526843695 vc_row-has-fill vc_row-no-padding\"><div class=\"wpb_column vc_column_container vc_col-sm-3\"><div class=\"vc_column-inner\"><div class=\"wpb_wrapper\"><\/div><\/div><\/div><div class=\"wpb_column vc_column_container vc_col-sm-6\"><div class=\"vc_column-inner\"><div class=\"wpb_wrapper\"><div class=\"vc_empty_space\"   style=\"height: 32px\"><span class=\"vc_empty_space_inner\"><\/span><\/div><h2 style=\"color: #ffffff;text-align: center;font-family:Abril Fatface;font-weight:400;font-style:normal\" class=\"vc_custom_heading\" >MEN'S PYJAMA PRODUCTS<\/h2><div class=\"vc_empty_space\"   style=\"height: 32px\"><span class=\"vc_empty_space_inner\"><\/span><\/div><\/div><\/div><\/div><div class=\"wpb_column vc_column_container vc_col-sm-3\"><div class=\"vc_column-inner\"><div class=\"wpb_wrapper\"><\/div><\/div><\/div><\/div><div class=\"vc_row-full-width vc_clearfix\"><\/div><div data-vc-full-width=\"true\" data-vc-full-width-init=\"false\" data-vc-stretch-content=\"true\" class=\"vc_row wpb_row vc_row-fluid vc_custom_1633790199377 vc_row-has-fill vc_row-no-padding\"><div class=\"wpb_column vc_column_container vc_col-sm-3\"><div class=\"vc_column-inner\"><div class=\"wpb_wrapper\"><\/div><\/div><\/div><div class=\"wpb_column vc_column_container vc_col-sm-6\"><div class=\"vc_column-inner\"><div class=\"wpb_wrapper\"><div class=\"vc_empty_space\"   style=\"height: 32px\"><span class=\"vc_empty_space_inner\"><\/span><\/div><h3 style=\"text-align: center;font-family:Playfair Display;font-weight:400;font-style:normal\" class=\"vc_custom_heading\" >Our pyjamas and nightwear are cute and cosy pieces that you need to relax after a long day.<\/h3><div class=\"vc_empty_space\"   style=\"height: 32px\"><span class=\"vc_empty_space_inner\"><\/span><\/div><\/div><\/div><\/div><div class=\"wpb_column vc_column_container vc_col-sm-3\"><div class=\"vc_column-inner\"><div class=\"wpb_wrapper\"><\/div><\/div><\/div><\/div><div class=\"vc_row-full-width vc_clearfix\"><\/div><div data-vc-full-width=\"true\" data-vc-full-width-init=\"false\" data-vc-stretch-content=\"true\" class=\"vc_row wpb_row vc_row-fluid vc_row-no-padding\"><div class=\"wpb_column vc_column_container vc_col-sm-12\"><div class=\"vc_column-inner\"><div class=\"wpb_wrapper\"><div class=\"vc_tta-container\" data-vc-action=\"collapse\"><div class=\"vc_general vc_tta vc_tta-tabs vc_tta-color-blue vc_tta-style-classic vc_tta-shape-square vc_tta-spacing-1 vc_tta-tabs-position-left vc_tta-controls-align-left \"><div class=\"vc_tta-tabs-container\"><ul class=\"vc_tta-tabs-list\"><li class=\"vc_tta-tab vc_active\" data-vc-tab><a href=\"#1633790362620-10d58397-69f2\" data-vc-tabs data-vc-container=\".vc_tta\"><i class=\"vc_tta-icon fas fa-caret-right\"><\/i><span class=\"vc_tta-title-text\">Pyjama Sets<\/span><\/a><\/li><li class=\"vc_tta-tab\" data-vc-tab><a href=\"#1633790362620-f995f82e-7fcc\" data-vc-tabs data-vc-container=\".vc_tta\"><i class=\"vc_tta-icon fas fa-caret-right\"><\/i><span class=\"vc_tta-title-text\">Tracksuit Suits<\/span><\/a><\/li><li class=\"vc_tta-tab\" data-vc-tab><a href=\"#1633790842318-1ed49721-4d2d\" data-vc-tabs data-vc-container=\".vc_tta\"><i class=\"vc_tta-icon fas fa-caret-right\"><\/i><span class=\"vc_tta-title-text\">Bermuda Suits<\/span><\/a><\/li><\/ul><\/div><div class=\"vc_tta-panels-container\"><div class=\"vc_tta-panels\"><div class=\"vc_tta-panel vc_active\" id=\"1633790362620-10d58397-69f2\" data-vc-content=\".vc_tta-panel-body\"><div class=\"vc_tta-panel-heading\"><h4 class=\"vc_tta-panel-title\"><a href=\"#1633790362620-10d58397-69f2\" data-vc-accordion data-vc-container=\".vc_tta-container\"><i class=\"vc_tta-icon fas fa-caret-right\"><\/i><span class=\"vc_tta-title-text\">Pyjama Sets<\/span><\/a><\/h4><\/div><div class=\"vc_tta-panel-body\">\n\t<div class=\"wpb_raw_code wpb_content_element wpb_raw_html\" >\n\t\t<div class=\"wpb_wrapper\">\n\t\t\t<style>\n@media screen and (min-width: 769px){\n.kayan-alan{-webkit-transition: 300ms;transition: 300ms; margin-top:45px; margin-bottom:15px;}\n.kayan-alan img {width: 300px;height: 450px;margin:5px 5px 5px 0px;-webkit-transition: 300ms;transition: 300ms}\n.kayan-alan img:hover{width: 300px;height: 450px;margin-top:-25px;-webkit-transition: 300ms;transition: 300ms}\n.kayan-alan ul {height:480px; padding: 0;margin: 0;width: 100%;;margin:0 auto;-webkit-transition: 300ms;transition: 300ms}\n}\n@media screen and (max-width: 768px){\n\t  .kayan-alan {-ms-overflow-style: none;-ms-overflow-style: -ms-autohiding-scrollbar;overflow: -moz-scrollbars-none;\n\t  -webkit-overflow-scrolling: touch;white-space: nowrap;\n\t  overflow-y: hidden;\n\t  overflow-x: scroll;}\n\t  .kayan-alan ::-webkit-scrollbar,\n\t  .kayan-alan ::-webkit-scrollbar-button {width: 0px;background: transparent;}\n\t  .kayan-alan img {width: 100%;height: 100%;}\n\t  .kayan-alan ul {padding: 0;margin: 0;width: 100%;}\n\t  .kayan-alan ul {white-space: nowrap;overflow-x: auto;}\n\t  .kayan-alan ul > li:not(:first-of-type) {margin-left: -15px;}\n\t  .kayan-alan img {width: 300px;height: 450px;margin:5px 5px 5px 0px;}\n}\n<\/style>\n<div class=\"kayan-alan\"><center>\n<img decoding=\"async\" class=\"alignnone\" src=\"\/wp-content\/uploads\/urunler\/erkek\/pijama\/pijama_takimi\/erkek_pijama_yeni-1.jpg\" alt=\"\"width=\"100%\" height=\"100%\" \/>\n<img decoding=\"async\" class=\"alignnone\" src=\"\/wp-content\/uploads\/urunler\/erkek\/pijama\/pijama_takimi\/erkek_pijama_yeni-2.jpg\" alt=\"\"width=\"100%\" height=\"100%\" \/>\n<img decoding=\"async\" class=\"alignnone\" src=\"\/wp-content\/uploads\/urunler\/erkek\/pijama\/pijama_takimi\/erkek_pijama_yeni-3.jpg\" alt=\"\"width=\"100%\" height=\"100%\" \/>\n<img decoding=\"async\" class=\"alignnone\" src=\"\/wp-content\/uploads\/urunler\/erkek\/pijama\/pijama_takimi\/erkek_pijama_yeni-4.jpg\" alt=\"\"width=\"100%\" height=\"100%\" \/>\n<img decoding=\"async\" class=\"alignnone\" src=\"\/wp-content\/uploads\/urunler\/erkek\/pijama\/pijama_takimi\/erkek_pijama_yeni-5.jpg\" alt=\"\"width=\"100%\" height=\"100%\" \/>\n<img decoding=\"async\" class=\"alignnone\" src=\"\/wp-content\/uploads\/urunler\/erkek\/pijama\/pijama_takimi\/erkek_pijama_yeni-6.jpg\" alt=\"\"width=\"100%\" height=\"100%\" \/>\n<img decoding=\"async\" class=\"alignnone\" src=\"\/wp-content\/uploads\/urunler\/erkek\/pijama\/pijama_takimi\/erkek_piajam_yeni-7.jpg\" alt=\"\"width=\"100%\" height=\"100%\" \/>\n<img decoding=\"async\" class=\"alignnone\" src=\"\/wp-content\/uploads\/urunler\/erkek\/pijama\/pijama_takimi\/erkek_pijama_yeni-8.jpg\" alt=\"\"width=\"100%\" height=\"100%\" \/>\n<img decoding=\"async\" class=\"alignnone\" src=\"\/wp-content\/uploads\/urunler\/erkek\/pijama\/pijama_takimi\/erkek_pijama_yeni-9.jpg\" alt=\"\"width=\"100%\" height=\"100%\" \/>\n\n<a href=\"https:\/\/www.nicoletta.com.tr\/en\/apply-form\/\" target=\"_blank\"><img decoding=\"async\" class=\"alignnone\" src=\"\/basvururu.gif\" alt=\"\" width=\"100%\" height=\"100%\" \/><\/a>\n\n\n<\/center><\/div>\n\t\t<\/div>\n\t<\/div>\n<\/div><\/div><div class=\"vc_tta-panel\" id=\"1633790362620-f995f82e-7fcc\" data-vc-content=\".vc_tta-panel-body\"><div class=\"vc_tta-panel-heading\"><h4 class=\"vc_tta-panel-title\"><a href=\"#1633790362620-f995f82e-7fcc\" data-vc-accordion data-vc-container=\".vc_tta-container\"><i class=\"vc_tta-icon fas fa-caret-right\"><\/i><span class=\"vc_tta-title-text\">Tracksuit Suits<\/span><\/a><\/h4><\/div><div class=\"vc_tta-panel-body\">\n\t<div class=\"wpb_raw_code wpb_content_element wpb_raw_html\" >\n\t\t<div class=\"wpb_wrapper\">\n\t\t\t<style>\n@media screen and (min-width: 769px){\n.kayan-alan{-webkit-transition: 300ms;transition: 300ms; margin-top:45px; margin-bottom:15px;}\n.kayan-alan img {width: 300px;height: 450px;margin:5px 5px 5px 0px;-webkit-transition: 300ms;transition: 300ms}\n.kayan-alan img:hover{width: 300px;height: 450px;margin-top:-25px;-webkit-transition: 300ms;transition: 300ms}\n.kayan-alan ul {height:480px; padding: 0;margin: 0;width: 100%;;margin:0 auto;-webkit-transition: 300ms;transition: 300ms}\n}\n@media screen and (max-width: 768px){\n\t  .kayan-alan {-ms-overflow-style: none;-ms-overflow-style: -ms-autohiding-scrollbar;overflow: -moz-scrollbars-none;\n\t  -webkit-overflow-scrolling: touch;white-space: nowrap;\n\t  overflow-y: hidden;\n\t  overflow-x: scroll;}\n\t  .kayan-alan ::-webkit-scrollbar,\n\t  .kayan-alan ::-webkit-scrollbar-button {width: 0px;background: transparent;}\n\t  .kayan-alan img {width: 100%;height: 100%;}\n\t  .kayan-alan ul {padding: 0;margin: 0;width: 100%;}\n\t  .kayan-alan ul {white-space: nowrap;overflow-x: auto;}\n\t  .kayan-alan ul > li:not(:first-of-type) {margin-left: -15px;}\n\t  .kayan-alan img {width: 300px;height: 450px;margin:5px 5px 5px 0px;}\n}\n<\/style>\n<div class=\"kayan-alan\"><center>\n<img decoding=\"async\" class=\"alignnone\" src=\"\/wp-content\/uploads\/urunler\/erkek\/pijama\/esofman_takimi\/erkek_spor-1.jpg\" alt=\"\" width=\"100%\" height=\"100%\" \/>\n\n<img decoding=\"async\" class=\"alignnone\" src=\"\/wp-content\/uploads\/urunler\/erkek\/pijama\/esofman_takimi\/erkek_spor-2.jpg\" alt=\"\" width=\"100%\" height=\"100%\" \/>\n\n<img decoding=\"async\" class=\"alignnone\" src=\"\/wp-content\/uploads\/urunler\/erkek\/pijama\/esofman_takimi\/erkek_spor-3.jpg\" alt=\"\" width=\"100%\" height=\"100%\" \/>\n\n<img decoding=\"async\" class=\"alignnone\" src=\"\/wp-content\/uploads\/urunler\/erkek\/pijama\/esofman_takimi\/erkek_spor-4.jpg\" alt=\"\" width=\"100%\" height=\"100%\" \/>\n\n\n<img decoding=\"async\" class=\"alignnone\" src=\"\/wp-content\/uploads\/urunler\/erkek\/pijama\/esofman_takimi\/erkek_spor-5.jpg\" alt=\"\" width=\"100%\" height=\"100%\" \/>\n\n<a href=\"https:\/\/www.nicoletta.com.tr\/en\/apply-form\/\" target=\"_blank\"><img decoding=\"async\" class=\"alignnone\" src=\"\/basvururu.gif\" alt=\"\" width=\"100%\" height=\"100%\" \/><\/a>\n\n\n<\/center><\/div>\n\t\t<\/div>\n\t<\/div>\n<\/div><\/div><div class=\"vc_tta-panel\" id=\"1633790842318-1ed49721-4d2d\" data-vc-content=\".vc_tta-panel-body\"><div class=\"vc_tta-panel-heading\"><h4 class=\"vc_tta-panel-title\"><a href=\"#1633790842318-1ed49721-4d2d\" data-vc-accordion data-vc-container=\".vc_tta-container\"><i class=\"vc_tta-icon fas fa-caret-right\"><\/i><span class=\"vc_tta-title-text\">Bermuda Suits<\/span><\/a><\/h4><\/div><div class=\"vc_tta-panel-body\">\n\t<div class=\"wpb_raw_code wpb_content_element wpb_raw_html\" >\n\t\t<div class=\"wpb_wrapper\">\n\t\t\t<style>\n@media screen and (min-width: 769px){\n.kayan-alan{-webkit-transition: 300ms;transition: 300ms; margin-top:45px; margin-bottom:15px;}\n.kayan-alan img {width: 300px;height: 450px;margin:5px 5px 5px 0px;-webkit-transition: 300ms;transition: 300ms}\n.kayan-alan img:hover{width: 300px;height: 450px;margin-top:-25px;-webkit-transition: 300ms;transition: 300ms}\n.kayan-alan ul {height:480px; padding: 0;margin: 0;width: 100%;;margin:0 auto;-webkit-transition: 300ms;transition: 300ms}\n}\n@media screen and (max-width: 768px){\n\t  .kayan-alan {-ms-overflow-style: none;-ms-overflow-style: -ms-autohiding-scrollbar;overflow: -moz-scrollbars-none;\n\t  -webkit-overflow-scrolling: touch;white-space: nowrap;\n\t  overflow-y: hidden;\n\t  overflow-x: scroll;}\n\t  .kayan-alan ::-webkit-scrollbar,\n\t  .kayan-alan ::-webkit-scrollbar-button {width: 0px;background: transparent;}\n\t  .kayan-alan img {width: 100%;height: 100%;}\n\t  .kayan-alan ul {padding: 0;margin: 0;width: 100%;}\n\t  .kayan-alan ul {white-space: nowrap;overflow-x: auto;}\n\t  .kayan-alan ul > li:not(:first-of-type) {margin-left: -15px;}\n\t  .kayan-alan img {width: 300px;height: 450px;margin:5px 5px 5px 0px;}\n}\n<\/style>\n<div class=\"kayan-alan\"><center>\n<img decoding=\"async\" class=\"alignnone\" src=\"\/wp-content\/uploads\/urunler\/erkek\/pijama\/bermuda\/erkek_bermuda-1.jpg\" alt=\"\" width=\"100%\" height=\"100%\" \/>\n\n<img decoding=\"async\" class=\"alignnone\" src=\"\/wp-content\/uploads\/urunler\/erkek\/pijama\/bermuda\/erkek_bermuda-2.jpg\" alt=\"\" width=\"100%\" height=\"100%\" \/>\n\n<img decoding=\"async\" class=\"alignnone\" src=\"\/wp-content\/uploads\/urunler\/erkek\/pijama\/bermuda\/erkek_bermuda-3.jpg\" alt=\"\" width=\"100%\" height=\"100%\" \/>\n\n<img decoding=\"async\" class=\"alignnone\" src=\"\/wp-content\/uploads\/urunler\/erkek\/pijama\/bermuda\/erkek_bermuda-4.jpg\" alt=\"\" width=\"100%\" height=\"100%\" \/>\n\n\n<img decoding=\"async\" class=\"alignnone\" src=\"\/wp-content\/uploads\/urunler\/erkek\/pijama\/bermuda\/erkek_bermuda-5.jpg\" alt=\"\" width=\"100%\" height=\"100%\" \/>\n\n<img decoding=\"async\" class=\"alignnone\" src=\"\/wp-content\/uploads\/urunler\/erkek\/pijama\/bermuda\/erkek_bermuda-6.jpg\" alt=\"\" width=\"100%\" height=\"100%\" \/>\n\n<img decoding=\"async\" class=\"alignnone\" src=\"\/wp-content\/uploads\/urunler\/erkek\/pijama\/bermuda\/erkek_bermuda-7.jpg\" alt=\"\" width=\"100%\" height=\"100%\" \/>\n\n<img decoding=\"async\" class=\"alignnone\" src=\"\/wp-content\/uploads\/urunler\/erkek\/pijama\/bermuda\/erkek_bermuda-8.jpg\" alt=\"\" width=\"100%\" height=\"100%\" \/>\n\n<img decoding=\"async\" class=\"alignnone\" src=\"\/wp-content\/uploads\/urunler\/erkek\/pijama\/bermuda\/erkek_bermuda-9.jpg\" alt=\"\" width=\"100%\" height=\"100%\" \/>\n\n\n<img decoding=\"async\" class=\"alignnone\" src=\"\/wp-content\/uploads\/urunler\/erkek\/pijama\/bermuda\/erkek_bermuda-10.jpg\" alt=\"\" width=\"100%\" height=\"100%\" \/>\n\n<img decoding=\"async\" class=\"alignnone\" src=\"\/wp-content\/uploads\/urunler\/erkek\/pijama\/bermuda\/erkek_bermuda-11.jpg\" alt=\"\" width=\"100%\" height=\"100%\" \/>\n\n<a href=\"https:\/\/www.nicoletta.com.tr\/en\/apply-form\/\" target=\"_blank\"><img decoding=\"async\" class=\"alignnone\" src=\"\/basvururu.gif\" alt=\"\" width=\"100%\" height=\"100%\" \/><\/a>\n\n\n\n<\/center><\/div>\n\t\t<\/div>\n\t<\/div>\n<\/div><\/div><\/div><\/div><\/div><\/div><\/div><\/div><\/div><\/div><div class=\"vc_row-full-width vc_clearfix\"><\/div>\n","protected":false},"excerpt":{"rendered":"MEN'S PYJAMA PRODUCTSOur pyjamas and nightwear are cute and cosy pieces that you need to relax after a long day.Pyjama SetsTracksuit SuitsBermuda SuitsPyjama Sets Tracksuit Suits Bermuda Suits","protected":false},"author":1,"featured_media":0,"parent":0,"menu_order":0,"comment_status":"closed","ping_status":"closed","template":"","meta":{"footnotes":""},"aioseo_notices":[],"_links":{"self":[{"href":"https:\/\/www.nicoletta.com.tr\/en\/wp-json\/wp\/v2\/pages\/11000"}],"collection":[{"href":"https:\/\/www.nicoletta.com.tr\/en\/wp-json\/wp\/v2\/pages"}],"about":[{"href":"https:\/\/www.nicoletta.com.tr\/en\/wp-json\/wp\/v2\/types\/page"}],"author":[{"embeddable":true,"href":"https:\/\/www.nicoletta.com.tr\/en\/wp-json\/wp\/v2\/users\/1"}],"replies":[{"embeddable":true,"href":"https:\/\/www.nicoletta.com.tr\/en\/wp-json\/wp\/v2\/comments?post=11000"}],"version-history":[{"count":10,"href":"https:\/\/www.nicoletta.com.tr\/en\/wp-json\/wp\/v2\/pages\/11000\/revisions"}],"predecessor-version":[{"id":13557,"href":"https:\/\/www.nicoletta.com.tr\/en\/wp-json\/wp\/v2\/pages\/11000\/revisions\/13557"}],"wp:attachment":[{"href":"https:\/\/www.nicoletta.com.tr\/en\/wp-json\/wp\/v2\/media?parent=11000"}],"curies":[{"name":"wp","href":"https:\/\/api.w.org\/{rel}","templated":true}]}}